{"id":4253,"date":"2026-04-09T16:07:33","date_gmt":"2026-04-09T13:07:33","guid":{"rendered":"https:\/\/test.sampionbudva.me\/urun\/sea\/"},"modified":"2026-04-11T02:49:33","modified_gmt":"2026-04-10T23:49:33","slug":"sea","status":"publish","type":"product","link":"https:\/\/www.dataflyesim.com\/en\/esim\/sea\/","title":{"rendered":"SEA"},"content":{"rendered":"<p>Use eSIM packages for {category_name} and enjoy fast and reliable internet without the need for a physical SIM card.<\/p>\n<p>With {product_name}, you can activate the internet instantly via QR code and always stay connected during your travels.<\/p>\n<p>Benefits:<br \/>\n\u2013 Immediate activation<br \/>\n\u2013 Affordable prices<br \/>\n\u2013 4G\/LTE\/5G support<br \/>\n\u2013 Without physical SIM card<\/p>","protected":false},"excerpt":{"rendered":"<p>P\u00ebrdorni paketa eSIM p\u00ebr {category_name} dhe shijoni internet t\u00eb shpejt\u00eb dhe t\u00eb besuesh\u00ebm pa nevoj\u00eb p\u00ebr kart\u00eb fizike SIM. Me {product_name}, mund t\u00eb aktivizoni internetin menj\u00ebher\u00eb p\u00ebrmes QR kodit dhe t\u00eb q\u00ebndroni gjithmon\u00eb t\u00eb lidhur gjat\u00eb udh\u00ebtimeve tuaja. P\u00ebrfitimet: &#8211; Aktivizim i menj\u00ebhersh\u00ebm &#8211; \u00c7mime t\u00eb p\u00ebrballueshme &#8211; Mb\u00ebshtetje 4G \/ LTE \/ 5G &#8211; <\/p>","protected":false},"featured_media":4254,"comment_status":"open","ping_status":"closed","template":"","meta":{"_acf_changed":false,"_angie_page":false,"_monsterinsights_skip_tracking":false,"_monsterinsights_sitenote_active":false,"_monsterinsights_sitenote_note":"","_monsterinsights_sitenote_category":0},"product_brand":[203],"product_cat":[228],"product_tag":[],"class_list":{"0":"post-4253","1":"product","2":"type-product","3":"status-publish","4":"has-post-thumbnail","6":"product_brand-dataflyesim","7":"product_cat-sea","9":"first","10":"instock","11":"shipping-taxable","12":"product-type-grouped"},"acf":[],"aioseo_notices":[],"_links":{"self":[{"href":"https:\/\/www.dataflyesim.com\/en\/wp-json\/wp\/v2\/product\/4253","targetHints":{"allow":["GET"]}}],"collection":[{"href":"https:\/\/www.dataflyesim.com\/en\/wp-json\/wp\/v2\/product"}],"about":[{"href":"https:\/\/www.dataflyesim.com\/en\/wp-json\/wp\/v2\/types\/product"}],"replies":[{"embeddable":true,"href":"https:\/\/www.dataflyesim.com\/en\/wp-json\/wp\/v2\/comments?post=4253"}],"wp:featuredmedia":[{"embeddable":true,"href":"https:\/\/www.dataflyesim.com\/en\/wp-json\/wp\/v2\/media\/4254"}],"wp:attachment":[{"href":"https:\/\/www.dataflyesim.com\/en\/wp-json\/wp\/v2\/media?parent=4253"}],"wp:term":[{"taxonomy":"product_brand","embeddable":true,"href":"https:\/\/www.dataflyesim.com\/en\/wp-json\/wp\/v2\/product_brand?post=4253"},{"taxonomy":"product_cat","embeddable":true,"href":"https:\/\/www.dataflyesim.com\/en\/wp-json\/wp\/v2\/product_cat?post=4253"},{"taxonomy":"product_tag","embeddable":true,"href":"https:\/\/www.dataflyesim.com\/en\/wp-json\/wp\/v2\/product_tag?post=4253"}],"curies":[{"name":"wp","href":"https:\/\/api.w.org\/{rel}","templated":true}]}}